{"id":3,"date":"2024-02-21T00:28:50","date_gmt":"2024-02-21T00:28:50","guid":{"rendered":"https:\/\/adios.dz\/?page_id=3"},"modified":"2024-03-29T14:38:52","modified_gmt":"2024-03-29T13:38:52","slug":"politique-de-confidentialite","status":"publish","type":"page","link":"https:\/\/adios.dz\/fr\/politique-de-confidentialite\/","title":{"rendered":"Politique de confidentialit\u00e9"},"content":{"rendered":"\t\t<div data-elementor-type=\"wp-page\" data-elementor-id=\"3\" class=\"elementor elementor-3\" data-elementor-post-type=\"page\">\n\t\t\t\t<div class=\"elementor-element elementor-element-64a3901 e-flex e-con-boxed e-con e-parent\" data-id=\"64a3901\" data-element_type=\"container\" data-e-type=\"container\">\n\t\t\t\t\t<div class=\"e-con-inner\">\n\t\t\t\t<div class=\"elementor-element elementor-element-711ccf0 elementor-widget elementor-widget-image\" data-id=\"711ccf0\" data-element_type=\"widget\" data-e-type=\"widget\" data-widget_type=\"image.default\">\n\t\t\t\t<div class=\"elementor-widget-container\">\n\t\t\t\t\t\t\t\t\t\t\t\t<figure class=\"wp-caption\">\n\t\t\t\t\t\t\t\t\t\t\t<a href=\"https:\/\/adios.dz\/wp-content\/uploads\/2024\/03\/Privacy_of_costumers_page_for_camping_equipement-2.jpg\" data-elementor-open-lightbox=\"no\">\n\t\t\t\t\t\t\t<img decoding=\"async\" src=\"https:\/\/adios.dz\/wp-content\/uploads\/2024\/03\/Privacy_of_costumers_page_for_camping_equipement-2.jpg\" title=\"\" alt=\"\" loading=\"lazy\" \/>\t\t\t\t\t\t\t\t<\/a>\n\t\t\t\t\t\t\t\t\t\t\t<figcaption class=\"widget-image-caption wp-caption-text\"><\/figcaption>\n\t\t\t\t\t\t\t\t\t\t<\/figure>\n\t\t\t\t\t\t\t\t\t<\/div>\n\t\t\t\t<\/div>\n\t\t\t\t\t<\/div>\n\t\t\t\t<\/div>\n\t\t<div class=\"elementor-element elementor-element-50f418e e-flex e-con-boxed e-con e-parent\" data-id=\"50f418e\" data-element_type=\"container\" data-e-type=\"container\">\n\t\t\t\t\t<div class=\"e-con-inner\">\n\t\t\t\t<div class=\"elementor-element elementor-element-118b329b elementor-widget elementor-widget-text-editor\" data-id=\"118b329b\" data-element_type=\"widget\" data-e-type=\"widget\" data-widget_type=\"text-editor.default\">\n\t\t\t\t<div class=\"elementor-widget-container\">\n\t\t\t\t\t\t\t\t\t<p><\/p>\n<p>Sur cette page, vous trouverez des informations claires et pr\u00e9cises sur la fa\u00e7on dont vos donn\u00e9es sont utilis\u00e9es, stock\u00e9es et partag\u00e9es, tout en b\u00e9n\u00e9ficiant d&rsquo;options pour exercer vos droits en mati\u00e8re de confidentialit\u00e9.<\/p>\n<p>\u00a0<\/p>\n<p><span style=\"text-decoration: underline;\"><strong>POLITIQUE DE CONFIDENTIALIT\u00c9 D&rsquo;ADIOS<\/strong><\/span><\/p>\n<p>Chez Adios, nous sommes attach\u00e9s \u00e0 prot\u00e9ger la confidentialit\u00e9 de nos clients. Cette politique de confidentialit\u00e9 d\u00e9crit les informations que nous recueillons aupr\u00e8s de vous, comment nous les utilisons et les partageons, ainsi que les choix dont vous disposez concernant ces informations. En utilisant notre site web, vous acceptez les termes de cette politique de confidentialit\u00e9.<\/p>\n<p><strong>COLLECTE D&rsquo;INFORMATIONS<\/strong><\/p>\n<p>Nous collectons des informations vous concernant lorsque vous passez une commande, vous vous abonnez \u00e0 notre newsletter, vous cr\u00e9ez un compte client ou vous nous contactez. Les informations que nous collectons peuvent inclure votre nom, adresse, adresse e-mail, num\u00e9ro de t\u00e9l\u00e9phone, adresse IP, ainsi que les d\u00e9tails de votre commande. Nous pouvons \u00e9galement collecter des informations sur votre utilisation de notre site web, y compris les pages que vous avez consult\u00e9es et les produits que vous avez achet\u00e9s.<\/p>\n<p><strong>UTILISATION D&rsquo;INFORMATIONS<\/strong><\/p>\n<p>Nous utilisons les informations collect\u00e9es pour traiter votre commande, vous envoyer des communications marketing (si vous avez choisi de vous abonner \u00e0 notre newsletter), am\u00e9liorer notre site web et nos services, et r\u00e9pondre \u00e0 vos demandes. Nous pouvons \u00e9galement utiliser les informations pour nous conformer aux obligations l\u00e9gales ou r\u00e9glementaires, pr\u00e9venir la fraude ou les abus, et prot\u00e9ger nos droits et notre propri\u00e9t\u00e9.<\/p>\n<p><strong>PARTAGE D&rsquo;INFORMATIONS<\/strong><\/p>\n<p>Nous ne vendons ni ne louons vos informations \u00e0 des tiers \u00e0 des fins commerciales. Nous pouvons partager vos informations avec des tiers si cela est n\u00e9cessaire pour traiter votre commande, pour r\u00e9pondre \u00e0 vos demandes ou si nous sommes tenus de le faire par la loi. Nous pouvons \u00e9galement partager vos informations avec des tiers pour am\u00e9liorer nos services, pour pr\u00e9venir la fraude ou les abus, ou pour prot\u00e9ger nos droits et notre propri\u00e9t\u00e9.<\/p>\n<p><strong>CHOIX DES CLIENTS<\/strong><\/p>\n<p>Vous pouvez choisir de ne pas recevoir nos communications marketing \u00e0 tout moment en utilisant le lien de d\u00e9sinscription inclus dans chaque e-mail. Vous pouvez \u00e9galement acc\u00e9der \u00e0 vos informations personnelles et les mettre \u00e0 jour en vous connectant \u00e0 votre compte client sur notre site web.<\/p>\n<p><strong>MODIFICATIONS DE LA POLITIQUE<\/strong><\/p>\n<p>Nous nous r\u00e9servons le droit de modifier cette politique de confidentialit\u00e9 \u00e0 tout moment. Toute modification sera affich\u00e9e sur notre site web et entrera en vigueur imm\u00e9diatement apr\u00e8s sa publication. Votre utilisation continue de notre site web apr\u00e8s la publication de modifications de cette politique de confidentialit\u00e9 constitue votre acceptation de ces modifications.<\/p>\n<p><strong>CONTACTEZ-NOUS<\/strong><\/p>\n<p>Si vous avez des questions ou des pr\u00e9occupations concernant notre politique de confidentialit\u00e9, n&rsquo;h\u00e9sitez pas \u00e0 nous contacter \u00e0 l&rsquo;adresse e-mail suivante : contact@adios.dz.<\/p>\n<p>Derni\u00e8re mise \u00e0 jour : 26\/04\/2024.<\/p>\n<p>\u00a0<\/p>\n<p><\/p>\t\t\t\t\t\t\t\t<\/div>\n\t\t\t\t<\/div>\n\t\t\t\t\t<\/div>\n\t\t\t\t<\/div>\n\t\t<div class=\"elementor-element elementor-element-4bdf8a6 e-flex e-con-boxed e-con e-parent\" data-id=\"4bdf8a6\" data-element_type=\"container\" data-e-type=\"container\">\n\t\t\t\t\t<div class=\"e-con-inner\">\n\t\t\t\t<div class=\"elementor-element elementor-element-985eef1 elementor-button-align-stretch elementor-widget elementor-widget-form\" data-id=\"985eef1\" data-element_type=\"widget\" data-e-type=\"widget\" data-settings=\"{&quot;step_next_label&quot;:&quot;Next&quot;,&quot;step_previous_label&quot;:&quot;Previous&quot;,&quot;button_width&quot;:&quot;100&quot;,&quot;step_type&quot;:&quot;number_text&quot;,&quot;step_icon_shape&quot;:&quot;circle&quot;}\" data-widget_type=\"form.default\">\n\t\t\t\t<div class=\"elementor-widget-container\">\n\t\t\t\t\t\t\t<form class=\"elementor-form\" method=\"post\" name=\"New Form\" aria-label=\"New Form\">\n\t\t\t<input type=\"hidden\" name=\"post_id\" value=\"3\"\/>\n\t\t\t<input type=\"hidden\" name=\"form_id\" value=\"985eef1\"\/>\n\t\t\t<input type=\"hidden\" name=\"referer_title\" value=\"Politique de confidentialit\u00e9Adios\" \/>\n\n\t\t\t\t\t\t\t<input type=\"hidden\" name=\"queried_id\" value=\"3\"\/>\n\t\t\t\n\t\t\t<div class=\"elementor-form-fields-wrapper elementor-labels-above\">\n\t\t\t\t\t\t\t\t<div class=\"elementor-field-type-email elementor-field-group elementor-column elementor-field-group-email elementor-col-100 elementor-field-required\">\n\t\t\t\t\t\t\t\t\t\t\t\t<label for=\"form-field-email\" class=\"elementor-field-label\">\n\t\t\t\t\t\t\t\tEmail\t\t\t\t\t\t\t<\/label>\n\t\t\t\t\t\t\t\t\t\t\t\t\t\t<input size=\"1\" type=\"email\" name=\"form_fields[email]\" id=\"form-field-email\" class=\"elementor-field elementor-size-sm  elementor-field-textual\" placeholder=\"Email\" required=\"required\">\n\t\t\t\t\t\t\t\t\t\t\t<\/div>\n\t\t\t\t\t\t\t\t<div class=\"elementor-field-type-textarea elementor-field-group elementor-column elementor-field-group-message elementor-col-100\">\n\t\t\t\t\t\t\t\t\t\t\t\t<label for=\"form-field-message\" class=\"elementor-field-label\">\n\t\t\t\t\t\t\t\tMessage\t\t\t\t\t\t\t<\/label>\n\t\t\t\t\t\t<textarea class=\"elementor-field-textual elementor-field  elementor-size-sm\" name=\"form_fields[message]\" id=\"form-field-message\" rows=\"4\" placeholder=\"Message\"><\/textarea>\t\t\t\t<\/div>\n\t\t\t\t\t\t\t\t<div class=\"elementor-field-group elementor-column elementor-field-type-submit elementor-col-100 e-form__buttons\">\n\t\t\t\t\t<button class=\"elementor-button elementor-size-sm\" type=\"submit\">\n\t\t\t\t\t\t<span class=\"elementor-button-content-wrapper\">\n\t\t\t\t\t\t\t\t\t\t\t\t\t\t\t\t\t\t\t\t\t\t<span class=\"elementor-button-text\">Envoyer<\/span>\n\t\t\t\t\t\t\t\t\t\t\t\t\t<\/span>\n\t\t\t\t\t<\/button>\n\t\t\t\t<\/div>\n\t\t\t<\/div>\n\t\t<\/form>\n\t\t\t\t\t\t<\/div>\n\t\t\t\t<\/div>\n\t\t\t\t\t<\/div>\n\t\t\t\t<\/div>\n\t\t\t\t<\/div>\n\t\t","protected":false},"excerpt":{"rendered":"<p>Sur cette page, vous trouverez des informations claires et pr\u00e9cises sur la fa\u00e7on dont vos donn\u00e9es sont utilis\u00e9es, stock\u00e9es et partag\u00e9es, tout en b\u00e9n\u00e9ficiant d&rsquo;options&#8230;<\/p>\n","protected":false},"author":1,"featured_media":0,"parent":0,"menu_order":0,"comment_status":"closed","ping_status":"closed","template":"","meta":{"footnotes":""},"class_list":["post-3","page","type-page","status-publish","hentry"],"jetpack_shortlink":"https:\/\/wp.me\/PbTAxC-3","_links":{"self":[{"href":"https:\/\/adios.dz\/fr\/wp-json\/wp\/v2\/pages\/3","targetHints":{"allow":["GET"]}}],"collection":[{"href":"https:\/\/adios.dz\/fr\/wp-json\/wp\/v2\/pages"}],"about":[{"href":"https:\/\/adios.dz\/fr\/wp-json\/wp\/v2\/types\/page"}],"author":[{"embeddable":true,"href":"https:\/\/adios.dz\/fr\/wp-json\/wp\/v2\/users\/1"}],"replies":[{"embeddable":true,"href":"https:\/\/adios.dz\/fr\/wp-json\/wp\/v2\/comments?post=3"}],"version-history":[{"count":0,"href":"https:\/\/adios.dz\/fr\/wp-json\/wp\/v2\/pages\/3\/revisions"}],"wp:attachment":[{"href":"https:\/\/adios.dz\/fr\/wp-json\/wp\/v2\/media?parent=3"}],"curies":[{"name":"wp","href":"https:\/\/api.w.org\/{rel}","templated":true}]}}